{"id":108,"date":"2009-12-09T11:22:43","date_gmt":"2009-12-09T15:22:43","guid":{"rendered":"http:\/\/kosovaboxing.org\/site\/legjendat"},"modified":"2010-01-13T15:10:48","modified_gmt":"2010-01-13T19:10:48","slug":"legjendat","status":"publish","type":"page","link":"https:\/\/kosovaboxing.org\/site\/legjendat","title":{"rendered":"Legjendat"},"content":{"rendered":"<p><span style=\"color: #ff0000;\"><strong>Legjendat Shqiptare t\u00eb Boksit <\/strong><\/span><\/p>\n<p style=\"text-align: center;\">Redaksia e Kosovaboxin.org prezanton\u00a0edhe\u00a0ish-boksier\u00ebt Shqiptar\u00eb m\u00eb t\u00eb njohur t\u00eb t\u00eb gjitha koh\u00ebrave &#8220;LEGJENDAT&#8221; si\u00e7 i quajm\u00eb ne &#8211; t\u00eb cil\u00ebt boksuan si amator n\u00eb mbar\u00eb Bot\u00ebn.\u00a0Brenda nj\u00eb kohe 3 mujore ia arrit\u00ebm q\u00eb ti vizitojm\u00eb shum\u00eb ish-boksier n\u00eb Kosov\u00eb\u00a0dhe t\u00eb p\u00ebrgatitim materiale t\u00eb ndryshme p\u00ebr ta &#8211; e gjit\u00eb kjo \u00ebsht\u00eb EKSKLUZIVE p\u00ebr vizitor\u00ebt tan\u00eb dhe p\u00ebr Internetin sepse kosovaboxing.org \u00ebsht\u00eb Faqja e par\u00eb n\u00eb Bot\u00eb q\u00eb e publikon nj\u00eb mat\u00ebrial t\u00eb till\u00eb.<\/p>\n<p style=\"text-align: center;\"><strong><em>Lexoni Historin\u00eb e Legjendave Shqiptare t\u00eb Boksit:<\/em><\/strong><\/p>\n<div class=\"mceTemp mceIEcenter\" style=\"text-align: center;\">Redaksia Kosova Boxing me fytyra eminente t\u00eb show-boxit shqiptar<\/div>\n<p style=\"text-align: center;\"><a href=\"https:\/\/kosovaboxing.org\/site\/lah-nimani\"><img decoding=\"async\" loading=\"lazy\" class=\"aligncenter size-full wp-image-659\" title=\"lah-nimani-150x150\" src=\"https:\/\/kosovaboxing.org\/site\/wp-content\/uploads\/2009\/12\/lah-nimani-150x1501.jpg\" alt=\"\" width=\"150\" height=\"150\" \/><\/a> <strong>Lah Nimani<\/strong><\/p>\n<p style=\"text-align: center;\"><strong><a href=\"https:\/\/kosovaboxing.org\/site\/azis-salihu\"><img decoding=\"async\" loading=\"lazy\" class=\"aligncenter size-full wp-image-661\" title=\"Azis-salihu-150x150\" src=\"https:\/\/kosovaboxing.org\/site\/wp-content\/uploads\/2009\/12\/Azis-salihu-150x1502.jpg\" alt=\"\" width=\"150\" height=\"150\" \/><\/a>Azis Salihu<\/strong><\/p>\n<p style=\"text-align: center;\"><strong><a href=\"https:\/\/kosovaboxing.org\/site\/mehmet-bogujevci\"><img decoding=\"async\" loading=\"lazy\" class=\"aligncenter size-full wp-image-662\" title=\"mehmet-bogujevci-150x150\" src=\"https:\/\/kosovaboxing.org\/site\/wp-content\/uploads\/2009\/12\/mehmet-bogujevci-150x1504.jpg\" alt=\"\" width=\"150\" height=\"150\" \/><\/a>Mehmet Bogujevci<\/strong><\/p>\n<p style=\"text-align: center;\"><strong><a href=\"https:\/\/kosovaboxing.org\/site\/bajram-hashani \"><img decoding=\"async\" loading=\"lazy\" class=\"aligncenter size-full wp-image-664\" title=\"bajram-hashani-150x150\" src=\"https:\/\/kosovaboxing.org\/site\/wp-content\/uploads\/2009\/12\/bajram-hashani-150x1501.jpg\" alt=\"\" width=\"150\" height=\"150\" \/><\/a>Bajram Hashani<\/strong><\/p>\n<p style=\"text-align: center;\"><strong><a href=\"https:\/\/kosovaboxing.org\/site\/nazif-gashi\"><img decoding=\"async\" loading=\"lazy\" class=\"aligncenter size-full wp-image-666\" title=\"nazif-gashi-150x150\" src=\"https:\/\/kosovaboxing.org\/site\/wp-content\/uploads\/2009\/12\/nazif-gashi-150x1502.jpg\" alt=\"\" width=\"150\" height=\"150\" \/><\/a>Nazif Gashi<\/strong><\/p>\n<p style=\"text-align: center;\"><strong><a href=\"https:\/\/kosovaboxing.org\/site\/xhevdet-peci \"><img decoding=\"async\" loading=\"lazy\" class=\"aligncenter size-full wp-image-668\" title=\"xhevdet-peci-143x150\" src=\"https:\/\/kosovaboxing.org\/site\/wp-content\/uploads\/2009\/12\/xhevdet-peci-143x1501.jpg\" alt=\"\" width=\"143\" height=\"150\" \/><\/a>Xhevdet Peci<\/strong><\/p>\n<p style=\"text-align: center;\"><strong><a href=\"https:\/\/kosovaboxing.org\/site\/fatmir-makolli \"><img decoding=\"async\" loading=\"lazy\" class=\"aligncenter size-full wp-image-670\" title=\"fatmir-makolli-150x150\" src=\"https:\/\/kosovaboxing.org\/site\/wp-content\/uploads\/2009\/12\/fatmir-makolli-150x1501.jpg\" alt=\"\" width=\"150\" height=\"150\" \/><\/a>Fatmir\u00a0 Makolli<\/strong><\/p>\n<p style=\"text-align: center;\"><strong><a href=\"https:\/\/kosovaboxing.org\/site\/muharrem-gjocaj\"><img decoding=\"async\" loading=\"lazy\" class=\"aligncenter size-full wp-image-671\" title=\"muharrem gjocaj\" src=\"https:\/\/kosovaboxing.org\/site\/wp-content\/uploads\/2009\/12\/muharrem-gjocaj1.jpg\" alt=\"\" width=\"150\" height=\"136\" \/><\/a>Muharrem Gjocaj<\/strong><\/p>\n<p style=\"text-align: center;\"><strong><a href=\"https:\/\/kosovaboxing.org\/site\/afrim-majanci\"><img decoding=\"async\" loading=\"lazy\" class=\"aligncenter size-full wp-image-672\" title=\"afrim-majanci-150x150\" src=\"https:\/\/kosovaboxing.org\/site\/wp-content\/uploads\/2009\/12\/afrim-majanci-150x1501.jpg\" alt=\"\" width=\"150\" height=\"150\" \/><\/a>Afrim Majanci<br \/>\n<\/strong><\/p>\n","protected":false},"excerpt":{"rendered":"<p>Legjendat Shqiptare t\u00eb Boksit Redaksia e Kosovaboxin.org prezanton\u00a0edhe\u00a0ish-boksier\u00ebt Shqiptar\u00eb m\u00eb t\u00eb njohur t\u00eb t\u00eb gjitha&#8230;<\/p>\n","protected":false},"author":2,"featured_media":0,"parent":0,"menu_order":0,"comment_status":"open","ping_status":"open","template":"","meta":[],"_links":{"self":[{"href":"https:\/\/kosovaboxing.org\/site\/wp-json\/wp\/v2\/pages\/108"}],"collection":[{"href":"https:\/\/kosovaboxing.org\/site\/wp-json\/wp\/v2\/pages"}],"about":[{"href":"https:\/\/kosovaboxing.org\/site\/wp-json\/wp\/v2\/types\/page"}],"author":[{"embeddable":true,"href":"https:\/\/kosovaboxing.org\/site\/wp-json\/wp\/v2\/users\/2"}],"replies":[{"embeddable":true,"href":"https:\/\/kosovaboxing.org\/site\/wp-json\/wp\/v2\/comments?post=108"}],"version-history":[{"count":33,"href":"https:\/\/kosovaboxing.org\/site\/wp-json\/wp\/v2\/pages\/108\/revisions"}],"predecessor-version":[{"id":290,"href":"https:\/\/kosovaboxing.org\/site\/wp-json\/wp\/v2\/pages\/108\/revisions\/290"}],"wp:attachment":[{"href":"https:\/\/kosovaboxing.org\/site\/wp-json\/wp\/v2\/media?parent=108"}],"curies":[{"name":"wp","href":"https:\/\/api.w.org\/{rel}","templated":true}]}}